{"id":11852,"date":"2021-02-03T12:50:36","date_gmt":"2021-02-03T12:50:36","guid":{"rendered":"https:\/\/theveganmonster.de\/?page_id=11852"},"modified":"2021-02-09T19:17:52","modified_gmt":"2021-02-09T19:17:52","slug":"impress","status":"publish","type":"page","link":"https:\/\/theveganmonster.de\/en\/impress\/","title":{"rendered":"Impress"},"content":{"rendered":"\n<p><strong>Angaben gem\u00e4\u00df \u00a7 5 TMG:<\/strong><br>Vegan Monster UG (haftunsgbeschr\u00e4nkt)<br>Schwimmbadweg 4<br>34281 Gudensberg<br>Germany<\/p>\n\n\n\n<p>Gesch\u00e4ftsf\u00fchrende Gesellschafterin: Jana K\u00e4stner<\/p>\n\n\n\n<p>USt-IdNr.: DE309740354<\/p>\n\n\n\n<p>Handelsregister: Fritzlar, HR B 12252<\/p>\n\n\n\n<p><strong>Kontakt<\/strong><br>Telefon: 069 34 877 877<br>E-Mail: jana@theveganmonster.de<\/p>\n\n\n\n<p><em>Die EU-Kommission stellt eine Plattform f\u00fcr au\u00dfergerichtliche Streitschlichtung bereit. Verbrauchern gibt dies die M\u00f6glichkeit, Streitigkeiten im Zusammenhang mit ihrer Online-Bestellung zun\u00e4chst au\u00dfergerichtlich zu kl\u00e4ren. Die Streitbeilegungs-Plattform finden Sie hier:&nbsp;<a href=\"http:\/\/ec.europa.eu\/consumers\/odr\/\" target=\"_blank\" rel=\"noopener\">http:\/\/ec.europa.eu\/consumers\/odr\/<\/a><\/em><br><em>Meine E-Mail f\u00fcr Verbraucherbeschwerden lautet: jana@theveganmonster.de<\/em><\/p>\n","protected":false},"excerpt":{"rendered":"<p>Angaben gem\u00e4\u00df \u00a7 5 TMG:Vegan Monster UG (haftunsgbeschr\u00e4nkt)Schwimmbadweg 434281 GudensbergGermany Gesch\u00e4ftsf\u00fchrende Gesellschafterin: Jana K\u00e4stner USt-IdNr.: DE309740354 Handelsregister: Fritzlar, HR B 12252 KontaktTelefon: 069 34 877 877E-Mail: jana@theveganmonster.de Die EU-Kommission stellt eine Plattform f\u00fcr au\u00dfergerichtliche Streitschlichtung bereit. Verbrauchern gibt dies die M\u00f6glichkeit, Streitigkeiten im Zusammenhang mit ihrer Online-Bestellung zun\u00e4chst au\u00dfergerichtlich zu kl\u00e4ren. Die Streitbeilegungs-Plattform finden Sie [&hellip;]<\/p>\n","protected":false},"author":1,"featured_media":0,"parent":0,"menu_order":7,"comment_status":"closed","ping_status":"closed","template":"","meta":{"wprm-recipe-roundup-name":"","wprm-recipe-roundup-description":"","footnotes":""},"class_list":["post-11852","page","type-page","status-publish","hentry"],"_links":{"self":[{"href":"https:\/\/theveganmonster.de\/en\/wp-json\/wp\/v2\/pages\/11852","targetHints":{"allow":["GET"]}}],"collection":[{"href":"https:\/\/theveganmonster.de\/en\/wp-json\/wp\/v2\/pages"}],"about":[{"href":"https:\/\/theveganmonster.de\/en\/wp-json\/wp\/v2\/types\/page"}],"author":[{"embeddable":true,"href":"https:\/\/theveganmonster.de\/en\/wp-json\/wp\/v2\/users\/1"}],"replies":[{"embeddable":true,"href":"https:\/\/theveganmonster.de\/en\/wp-json\/wp\/v2\/comments?post=11852"}],"version-history":[{"count":0,"href":"https:\/\/theveganmonster.de\/en\/wp-json\/wp\/v2\/pages\/11852\/revisions"}],"wp:attachment":[{"href":"https:\/\/theveganmonster.de\/en\/wp-json\/wp\/v2\/media?parent=11852"}],"curies":[{"name":"wp","href":"https:\/\/api.w.org\/{rel}","templated":true}]}}